{"id":68603,"date":"2023-02-09T09:45:55","date_gmt":"2023-02-09T08:45:55","guid":{"rendered":"https:\/\/www.ascend.de\/cookie-policy-eu\/"},"modified":"2024-07-16T12:21:35","modified_gmt":"2024-07-16T10:21:35","slug":"cookie-policy-eu","status":"publish","type":"page","link":"https:\/\/www.ascend.de\/es\/cookie-policy-eu\/","title":{"rendered":"Pol\u00edtica de cookies (UE)"},"content":{"rendered":"<p>[cmplz-document type=\u00bbcookie-statement\u00bb region=\u00bbeu\u00bb]<\/p>\n","protected":false},"excerpt":{"rendered":"<p>[cmplz-document type=\u00bbcookie-statement\u00bb region=\u00bbeu\u00bb]<\/p>\n","protected":false},"author":3,"featured_media":0,"parent":0,"menu_order":0,"comment_status":"closed","ping_status":"closed","template":"","meta":{"_acf_changed":false,"_seopress_robots_primary_cat":"","_seopress_titles_title":"Cookies: Conoce qu\u00e9 utilizamos y c\u00f3mo gestionarlas en la UE \ud83c\udf6a","_seopress_titles_desc":"Esta Declaraci\u00f3n sobre Cookies de la UE explica c\u00f3mo utilizamos las cookies en nuestro sitio web para mantenerlo seguro y mejorar tu experiencia. M\u00e1s informaci\u00f3n. \ud83c\udf6a","_seopress_robots_index":"","site-sidebar-layout":"default","site-content-layout":"","ast-site-content-layout":"default","site-content-style":"default","site-sidebar-style":"default","ast-global-header-display":"","ast-banner-title-visibility":"","ast-main-header-display":"","ast-hfb-above-header-display":"","ast-hfb-below-header-display":"","ast-hfb-mobile-header-display":"","site-post-title":"","ast-breadcrumbs-content":"","ast-featured-img":"","footer-sml-layout":"","ast-disable-related-posts":"","theme-transparent-header-meta":"","adv-header-id-meta":"","stick-header-meta":"","header-above-stick-meta":"","header-main-stick-meta":"","header-below-stick-meta":"","astra-migrate-meta-layouts":"default","ast-page-background-enabled":"default","ast-page-background-meta":{"desktop":{"background-color":"","background-image":"","background-repeat":"repeat","background-position":"center center","background-size":"auto","background-attachment":"scroll","background-type":"","background-media":"","overlay-type":"","overlay-color":"","overlay-opacity":"","overlay-gradient":""},"tablet":{"background-color":"","background-image":"","background-repeat":"repeat","background-position":"center center","background-size":"auto","background-attachment":"scroll","background-type":"","background-media":"","overlay-type":"","overlay-color":"","overlay-opacity":"","overlay-gradient":""},"mobile":{"background-color":"","background-image":"","background-repeat":"repeat","background-position":"center center","background-size":"auto","background-attachment":"scroll","background-type":"","background-media":"","overlay-type":"","overlay-color":"","overlay-opacity":"","overlay-gradient":""}},"ast-content-background-meta":{"desktop":{"background-color":"var(--ast-global-color-5)","background-image":"","background-repeat":"repeat","background-position":"center center","background-size":"auto","background-attachment":"scroll","background-type":"","background-media":"","overlay-type":"","overlay-color":"","overlay-opacity":"","overlay-gradient":""},"tablet":{"background-color":"var(--ast-global-color-5)","background-image":"","background-repeat":"repeat","background-position":"center center","background-size":"auto","background-attachment":"scroll","background-type":"","background-media":"","overlay-type":"","overlay-color":"","overlay-opacity":"","overlay-gradient":""},"mobile":{"background-color":"var(--ast-global-color-5)","background-image":"","background-repeat":"repeat","background-position":"center center","background-size":"auto","background-attachment":"scroll","background-type":"","background-media":"","overlay-type":"","overlay-color":"","overlay-opacity":"","overlay-gradient":""}},"footnotes":""},"class_list":["post-68603","page","type-page","status-publish","hentry"],"acf":[],"_links":{"self":[{"href":"https:\/\/www.ascend.de\/es\/wp-json\/wp\/v2\/pages\/68603","targetHints":{"allow":["GET"]}}],"collection":[{"href":"https:\/\/www.ascend.de\/es\/wp-json\/wp\/v2\/pages"}],"about":[{"href":"https:\/\/www.ascend.de\/es\/wp-json\/wp\/v2\/types\/page"}],"author":[{"embeddable":true,"href":"https:\/\/www.ascend.de\/es\/wp-json\/wp\/v2\/users\/3"}],"replies":[{"embeddable":true,"href":"https:\/\/www.ascend.de\/es\/wp-json\/wp\/v2\/comments?post=68603"}],"version-history":[{"count":0,"href":"https:\/\/www.ascend.de\/es\/wp-json\/wp\/v2\/pages\/68603\/revisions"}],"wp:attachment":[{"href":"https:\/\/www.ascend.de\/es\/wp-json\/wp\/v2\/media?parent=68603"}],"curies":[{"name":"wp","href":"https:\/\/api.w.org\/{rel}","templated":true}]}}